{"id":1127,"date":"2024-01-10T15:27:44","date_gmt":"2024-01-10T20:27:44","guid":{"rendered":"https:\/\/bd-construction.ca\/?page_id=1127"},"modified":"2024-02-27T10:19:27","modified_gmt":"2024-02-27T15:19:27","slug":"a-propos","status":"publish","type":"page","link":"https:\/\/bd-construction.ca\/index.php\/a-propos\/","title":{"rendered":"\u00c0 Propos"},"content":{"rendered":"<div class=\"wpb-content-wrapper\">[vc_row][vc_column][wgl_spacing spacer_size=&#8221;75&#8243;][vc_column_text]\n<h1 id=\"tw-target-text\" class=\"tw-data-text tw-text-large tw-ta\" dir=\"ltr\" style=\"text-align: center;\"><span class=\"Y2IQFc\" lang=\"fr\">\u00c0 PROPOS<\/span><\/h1>\n[\/vc_column_text][wgl_spacing spacer_size=&#8221;50&#8243;][\/vc_column][\/vc_row][vc_row css=&#8221;.vc_custom_1706026179520{margin-bottom: 75px !important;padding-top: 10px !important;padding-bottom: 50px !important;}&#8221;][vc_column css_animation=&#8221;slideInUp&#8221; width=&#8221;1\/2&#8243;][wgl_spacing spacer_size=&#8221;24&#8243;][wgl_double_headings title_color=&#8221;#58595b&#8221; subtitle_color=&#8221;#ec671c&#8221; title=&#8221;Qui sommes-nous?&#8221; subtitle=&#8221;b.d construction&#8221; responsive_font=&#8221;true&#8221; font_size_mobile=&#8221;30&#8243;][wgl_spacing spacer_size=&#8221;22&#8243;][wgl_custom_text font_size=&#8221;16&#8243;]<span style=\"font-weight: 400;\">Fond\u00e9s sur les principes de la qualit\u00e9, de l&#8217;int\u00e9grit\u00e9 et de la satisfaction du client, nous apportons plus de 20 ans d&#8217;expertise \u00e0 chaque projet que nous entreprenons. Notre parcours est ancr\u00e9 dans une passion pour la transformation des espaces et la cr\u00e9ation de maisons qui t\u00e9moignent de notre engagement pour l&#8217;excellence.<\/span><\/p>\n<p>&nbsp;<\/p>\n<h3><strong>Notre Mission<\/strong><\/h3>\n<p><span style=\"font-weight: 400;\">Chez B.D. Construction, nous avons pour mission de red\u00e9finir les normes de construction et de r\u00e9novation. Nous croyons au pouvoir de la collaboration et de la communication transparente, en travaillant en \u00e9troite collaboration avec nos clients pour transformer leurs visions en r\u00e9alit\u00e9. Notre approche centr\u00e9e sur le client garantit que chaque projet est le reflet unique des go\u00fbts, des besoins et des aspirations de chacun.<\/span><\/p>\n<p>&nbsp;<\/p>\n<h3><strong>Une expertise \u00e0 laquelle vous pouvez faire confiance<\/strong><\/h3>\n<p><span style=\"font-weight: 400;\">Soutenus par une \u00e9quipe comp\u00e9tente et d\u00e9vou\u00e9e, nous nous sp\u00e9cialisons dans la gestion de projets de la conception \u00e0 la r\u00e9alisation. Qu&#8217;il s&#8217;agisse d&#8217;une r\u00e9novation pour rafra\u00eechir votre espace de vie ou d&#8217;un nouveau projet de construction, nos professionnels exp\u00e9riment\u00e9s apportent une attention m\u00e9ticuleuse aux d\u00e9tails et mettent l&#8217;accent sur la qualit\u00e9 du travail.<\/span><\/p>\n<p>&nbsp;<\/p>\n<h3><strong>Engagement communautaire<\/strong><\/h3>\n<p><span style=\"font-weight: 400;\">Au-del\u00e0 de la construction et de la r\u00e9novation, nous nous engageons \u00e0 rendre service aux communaut\u00e9s que nous servons. B.D. Construction s&#8217;engage activement dans des initiatives locales, soutenant la croissance et le bien-\u00eatre de la communaut\u00e9.<\/span>[\/wgl_custom_text][\/vc_column][vc_column width=&#8221;1\/2&#8243;][wgl_spacing spacer_size=&#8221;85&#8243;][vc_single_image image=&#8221;1645&#8243; img_size=&#8221;700&#215;500&#8243; style=&#8221;vc_box_shadow_3d&#8221; css_animation=&#8221;slideInRight&#8221;][wgl_spacing spacer_size=&#8221;45&#8243;][wgl_custom_text css_animation=&#8221;appear&#8221; font_size=&#8221;16&#8243;]\n<h3>T\u00e9moignages de clients<\/h3>\n<p><span style=\"font-weight: 400;\">La v\u00e9ritable mesure de notre succ\u00e8s r\u00e9side dans la satisfaction de nos clients. Visitez notre page de t\u00e9moignages pour entendre les exp\u00e9riences de premi\u00e8re main de ceux qui nous ont confi\u00e9 leurs projets. Leurs r\u00e9cits t\u00e9moignent de notre d\u00e9vouement, de notre fiabilit\u00e9 et de l&#8217;impact transformateur que nous apportons \u00e0 chaque maison que nous touchons.<\/span><\/p>\n<p>&nbsp;<\/p>\n<p><span style=\"font-weight: 400;\">Nous vous remercions d&#8217;avoir choisi B.D. Construction pour r\u00e9pondre \u00e0 vos besoins en mati\u00e8re de construction et de r\u00e9novation. Nous sommes impatients d&#8217;avoir l&#8217;occasion de collaborer avec vous et de donner vie \u00e0 vos r\u00eaves. Bienvenue dans un monde de vie inspir\u00e9e et d&#8217;un travail in\u00e9gal\u00e9 !<\/span>[\/wgl_custom_text][\/vc_column][\/vc_row]\n<\/div>","protected":false},"excerpt":{"rendered":"<p>[vc_row][vc_column][wgl_spacing spacer_size=&#8221;75&#8243;][vc_column_text] \u00c0 PROPOS [\/vc_column_text][wgl_spacing spacer_size=&#8221;50&#8243;][\/vc_column][\/vc_row][vc_row css=&#8221;.vc_custom_1706026179520{margin-bottom: 75px !important;padding-top: 10px !important;padding-bottom: 50px !important;}&#8221;][vc_column css_animation=&#8221;slideInUp&#8221; width=&#8221;1\/2&#8243;][wgl_spacing spacer_size=&#8221;24&#8243;][wgl_double_headings title_color=&#8221;#58595b&#8221; subtitle_color=&#8221;#ec671c&#8221; title=&#8221;Qui sommes-nous?&#8221; subtitle=&#8221;b.d construction&#8221; responsive_font=&#8221;true&#8221; font_size_mobile=&#8221;30&#8243;][wgl_spacing spacer_size=&#8221;22&#8243;][wgl_custom_text font_size=&#8221;16&#8243;]Fond\u00e9s sur les principes de la qualit\u00e9, de l&#8217;int\u00e9grit\u00e9 et de la satisfaction du client, nous apportons plus de 20 ans d&#8217;expertise \u00e0 chaque projet que nous entreprenons. Notre parcours [&hellip;]<\/p>\n","protected":false},"author":1,"featured_media":0,"parent":0,"menu_order":0,"comment_status":"closed","ping_status":"closed","template":"","meta":{"footnotes":""},"class_list":["post-1127","page","type-page","status-publish","hentry"],"yoast_head":"<!-- This site is optimized with the Yoast SEO plugin v27.4 - https:\/\/yoast.com\/product\/yoast-seo-wordpress\/ -->\n<title>\u00c0 Propos | B.D Construction<\/title>\n<meta name=\"description\" content=\"Votre partenaire de confiance pour les services de construction et de r\u00e9novation! Nous prenons en charge votre projet du d\u00e9but jusqu\u2019\u00e0 la fin\" \/>\n<meta name=\"robots\" content=\"index, follow, max-snippet:-1, max-image-preview:large, max-video-preview:-1\" \/>\n<link rel=\"canonical\" href=\"https:\/\/bd-construction.ca\/index.php\/a-propos\/\" \/>\n<meta property=\"og:locale\" content=\"en_US\" \/>\n<meta property=\"og:type\" content=\"article\" \/>\n<meta property=\"og:title\" content=\"\u00c0 Propos | B.D Construction\" \/>\n<meta property=\"og:description\" content=\"Votre partenaire de confiance pour les services de construction et de r\u00e9novation! Nous prenons en charge votre projet du d\u00e9but jusqu\u2019\u00e0 la fin\" \/>\n<meta property=\"og:url\" content=\"https:\/\/bd-construction.ca\/index.php\/a-propos\/\" \/>\n<meta property=\"og:site_name\" content=\"BD-Construction\" \/>\n<meta property=\"article:publisher\" content=\"https:\/\/www.facebook.com\/bendicaireconstruction\" \/>\n<meta property=\"article:modified_time\" content=\"2024-02-27T15:19:27+00:00\" \/>\n<meta property=\"og:image\" content=\"https:\/\/bd-construction.ca\/wp-content\/uploads\/2024\/01\/logo.png\" \/>\n\t<meta property=\"og:image:width\" content=\"2718\" \/>\n\t<meta property=\"og:image:height\" content=\"891\" \/>\n\t<meta property=\"og:image:type\" content=\"image\/png\" \/>\n<meta name=\"twitter:card\" content=\"summary_large_image\" \/>\n<meta name=\"twitter:label1\" content=\"Est. reading time\" \/>\n\t<meta name=\"twitter:data1\" content=\"2 minutes\" \/>\n<script type=\"application\/ld+json\" class=\"yoast-schema-graph\">{\"@context\":\"https:\\\/\\\/schema.org\",\"@graph\":[{\"@type\":\"WebPage\",\"@id\":\"https:\\\/\\\/bd-construction.ca\\\/index.php\\\/a-propos\\\/\",\"url\":\"https:\\\/\\\/bd-construction.ca\\\/index.php\\\/a-propos\\\/\",\"name\":\"\u00c0 Propos | B.D Construction\",\"isPartOf\":{\"@id\":\"https:\\\/\\\/bd-construction.ca\\\/#website\"},\"datePublished\":\"2024-01-10T20:27:44+00:00\",\"dateModified\":\"2024-02-27T15:19:27+00:00\",\"description\":\"Votre partenaire de confiance pour les services de construction et de r\u00e9novation! Nous prenons en charge votre projet du d\u00e9but jusqu\u2019\u00e0 la fin\",\"breadcrumb\":{\"@id\":\"https:\\\/\\\/bd-construction.ca\\\/index.php\\\/a-propos\\\/#breadcrumb\"},\"inLanguage\":\"en-CA\",\"potentialAction\":[{\"@type\":\"ReadAction\",\"target\":[\"https:\\\/\\\/bd-construction.ca\\\/index.php\\\/a-propos\\\/\"]}]},{\"@type\":\"BreadcrumbList\",\"@id\":\"https:\\\/\\\/bd-construction.ca\\\/index.php\\\/a-propos\\\/#breadcrumb\",\"itemListElement\":[{\"@type\":\"ListItem\",\"position\":1,\"name\":\"Home\",\"item\":\"https:\\\/\\\/bd-construction.ca\\\/\"},{\"@type\":\"ListItem\",\"position\":2,\"name\":\"\u00c0 Propos\"}]},{\"@type\":\"WebSite\",\"@id\":\"https:\\\/\\\/bd-construction.ca\\\/#website\",\"url\":\"https:\\\/\\\/bd-construction.ca\\\/\",\"name\":\"B.D Construction\",\"description\":\"\",\"publisher\":{\"@id\":\"https:\\\/\\\/bd-construction.ca\\\/#organization\"},\"potentialAction\":[{\"@type\":\"SearchAction\",\"target\":{\"@type\":\"EntryPoint\",\"urlTemplate\":\"https:\\\/\\\/bd-construction.ca\\\/?s={search_term_string}\"},\"query-input\":{\"@type\":\"PropertyValueSpecification\",\"valueRequired\":true,\"valueName\":\"search_term_string\"}}],\"inLanguage\":\"en-CA\"},{\"@type\":\"Organization\",\"@id\":\"https:\\\/\\\/bd-construction.ca\\\/#organization\",\"name\":\"B.D Construction\",\"url\":\"https:\\\/\\\/bd-construction.ca\\\/\",\"logo\":{\"@type\":\"ImageObject\",\"inLanguage\":\"en-CA\",\"@id\":\"https:\\\/\\\/bd-construction.ca\\\/#\\\/schema\\\/logo\\\/image\\\/\",\"url\":\"https:\\\/\\\/bd-construction.ca\\\/wp-content\\\/uploads\\\/2024\\\/01\\\/logo.png\",\"contentUrl\":\"https:\\\/\\\/bd-construction.ca\\\/wp-content\\\/uploads\\\/2024\\\/01\\\/logo.png\",\"width\":2718,\"height\":891,\"caption\":\"B.D Construction\"},\"image\":{\"@id\":\"https:\\\/\\\/bd-construction.ca\\\/#\\\/schema\\\/logo\\\/image\\\/\"},\"sameAs\":[\"https:\\\/\\\/www.facebook.com\\\/bendicaireconstruction\",\"https:\\\/\\\/www.instagram.com\\\/b.dconstruction\\\/\"]}]}<\/script>\n<!-- \/ Yoast SEO plugin. -->","yoast_head_json":{"title":"\u00c0 Propos | B.D Construction","description":"Votre partenaire de confiance pour les services de construction et de r\u00e9novation! Nous prenons en charge votre projet du d\u00e9but jusqu\u2019\u00e0 la fin","robots":{"index":"index","follow":"follow","max-snippet":"max-snippet:-1","max-image-preview":"max-image-preview:large","max-video-preview":"max-video-preview:-1"},"canonical":"https:\/\/bd-construction.ca\/index.php\/a-propos\/","og_locale":"en_US","og_type":"article","og_title":"\u00c0 Propos | B.D Construction","og_description":"Votre partenaire de confiance pour les services de construction et de r\u00e9novation! Nous prenons en charge votre projet du d\u00e9but jusqu\u2019\u00e0 la fin","og_url":"https:\/\/bd-construction.ca\/index.php\/a-propos\/","og_site_name":"BD-Construction","article_publisher":"https:\/\/www.facebook.com\/bendicaireconstruction","article_modified_time":"2024-02-27T15:19:27+00:00","og_image":[{"width":2718,"height":891,"url":"https:\/\/bd-construction.ca\/wp-content\/uploads\/2024\/01\/logo.png","type":"image\/png"}],"twitter_card":"summary_large_image","twitter_misc":{"Est. reading time":"2 minutes"},"schema":{"@context":"https:\/\/schema.org","@graph":[{"@type":"WebPage","@id":"https:\/\/bd-construction.ca\/index.php\/a-propos\/","url":"https:\/\/bd-construction.ca\/index.php\/a-propos\/","name":"\u00c0 Propos | B.D Construction","isPartOf":{"@id":"https:\/\/bd-construction.ca\/#website"},"datePublished":"2024-01-10T20:27:44+00:00","dateModified":"2024-02-27T15:19:27+00:00","description":"Votre partenaire de confiance pour les services de construction et de r\u00e9novation! Nous prenons en charge votre projet du d\u00e9but jusqu\u2019\u00e0 la fin","breadcrumb":{"@id":"https:\/\/bd-construction.ca\/index.php\/a-propos\/#breadcrumb"},"inLanguage":"en-CA","potentialAction":[{"@type":"ReadAction","target":["https:\/\/bd-construction.ca\/index.php\/a-propos\/"]}]},{"@type":"BreadcrumbList","@id":"https:\/\/bd-construction.ca\/index.php\/a-propos\/#breadcrumb","itemListElement":[{"@type":"ListItem","position":1,"name":"Home","item":"https:\/\/bd-construction.ca\/"},{"@type":"ListItem","position":2,"name":"\u00c0 Propos"}]},{"@type":"WebSite","@id":"https:\/\/bd-construction.ca\/#website","url":"https:\/\/bd-construction.ca\/","name":"B.D Construction","description":"","publisher":{"@id":"https:\/\/bd-construction.ca\/#organization"},"potentialAction":[{"@type":"SearchAction","target":{"@type":"EntryPoint","urlTemplate":"https:\/\/bd-construction.ca\/?s={search_term_string}"},"query-input":{"@type":"PropertyValueSpecification","valueRequired":true,"valueName":"search_term_string"}}],"inLanguage":"en-CA"},{"@type":"Organization","@id":"https:\/\/bd-construction.ca\/#organization","name":"B.D Construction","url":"https:\/\/bd-construction.ca\/","logo":{"@type":"ImageObject","inLanguage":"en-CA","@id":"https:\/\/bd-construction.ca\/#\/schema\/logo\/image\/","url":"https:\/\/bd-construction.ca\/wp-content\/uploads\/2024\/01\/logo.png","contentUrl":"https:\/\/bd-construction.ca\/wp-content\/uploads\/2024\/01\/logo.png","width":2718,"height":891,"caption":"B.D Construction"},"image":{"@id":"https:\/\/bd-construction.ca\/#\/schema\/logo\/image\/"},"sameAs":["https:\/\/www.facebook.com\/bendicaireconstruction","https:\/\/www.instagram.com\/b.dconstruction\/"]}]}},"_links":{"self":[{"href":"https:\/\/bd-construction.ca\/index.php\/wp-json\/wp\/v2\/pages\/1127","targetHints":{"allow":["GET"]}}],"collection":[{"href":"https:\/\/bd-construction.ca\/index.php\/wp-json\/wp\/v2\/pages"}],"about":[{"href":"https:\/\/bd-construction.ca\/index.php\/wp-json\/wp\/v2\/types\/page"}],"author":[{"embeddable":true,"href":"https:\/\/bd-construction.ca\/index.php\/wp-json\/wp\/v2\/users\/1"}],"replies":[{"embeddable":true,"href":"https:\/\/bd-construction.ca\/index.php\/wp-json\/wp\/v2\/comments?post=1127"}],"version-history":[{"count":1,"href":"https:\/\/bd-construction.ca\/index.php\/wp-json\/wp\/v2\/pages\/1127\/revisions"}],"predecessor-version":[{"id":2340,"href":"https:\/\/bd-construction.ca\/index.php\/wp-json\/wp\/v2\/pages\/1127\/revisions\/2340"}],"wp:attachment":[{"href":"https:\/\/bd-construction.ca\/index.php\/wp-json\/wp\/v2\/media?parent=1127"}],"curies":[{"name":"wp","href":"https:\/\/api.w.org\/{rel}","templated":true}]}}