{"id":1129,"date":"2024-01-10T15:28:07","date_gmt":"2024-01-10T20:28:07","guid":{"rendered":"https:\/\/bd-construction.ca\/?page_id=1129"},"modified":"2024-03-01T09:48:40","modified_gmt":"2024-03-01T14:48:40","slug":"contact","status":"publish","type":"page","link":"https:\/\/bd-construction.ca\/index.php\/contact\/","title":{"rendered":"Contact"},"content":{"rendered":"<div class=\"wpb-content-wrapper\">[vc_row full_width=&#8221;stretch_row&#8221;][vc_column][wgl_spacing spacer_size=&#8221;75&#8243;][vc_column_text]\n<h1 style=\"text-align: center;\">CONTACT<\/h1>\n[\/vc_column_text][wgl_spacing spacer_size=&#8221;50&#8243;][\/vc_column][\/vc_row][vc_row full_width=&#8221;stretch_row&#8221; gap=&#8221;35&#8243; css=&#8221;.vc_custom_1706026145303{margin-bottom: 75px !important;}&#8221;][vc_column css_animation=&#8221;fadeInLeft&#8221; width=&#8221;1\/2&#8243;][vc_column_text]<strong>Pr\u00eat \u00e0 donner vie \u00e0 votre vision? Nous sommes \u00e0 votre disposition!<\/strong><\/p>\n<p>Que vous planifiez une r\u00e9novation, une nouvelle construction ou que vous ayez des questions, notre \u00e9quipe est l\u00e0 pour vous aider. Prenez contact avec nous d\u00e8s aujourd&#8217;hui et commen\u00e7ons \u00e0 construire votre r\u00eave ensemble.[\/vc_column_text][wgl_spacing spacer_size=&#8221;50&#8243;][vc_row_inner][vc_column_inner width=&#8221;1\/2&#8243;][vc_column_text]<strong>Benjamin Dicaire\u00a0<\/strong><br \/>\n<span style=\"font-weight: 400;\">Fondateur<\/span><br \/>\n<span style=\"font-weight: 400;\">Contracteur<\/span><\/p>\n<i class=\"wgl-icon fa fa-phone  \" ><\/i>\u00a0 (514) 979-2363[\/vc_column_text][\/vc_column_inner][vc_column_inner width=&#8221;1\/2&#8243;][vc_column_text]<strong>Marie-Claude Banville<\/strong><br \/>\n<span style=\"font-weight: 400;\">Administration<\/span><br \/>\n<span style=\"font-weight: 400;\">Compte payable \/ recevable<\/span><\/p>\n<i class=\"wgl-icon fa fa-phone  \" ><\/i>\u00a0 \u00a0(514) 692-8901[\/vc_column_text][\/vc_column_inner][\/vc_row_inner][wgl_spacing spacer_size=&#8221;50&#8243;][vc_tta_accordion][vc_tta_section i_icon_fontawesome=&#8221;fas fa-city&#8221; add_icon=&#8221;true&#8221; title=&#8221;Les villes que nous desservons&#8221; tab_id=&#8221;1706023786889-235d4912-b2ae&#8221;][vc_column_text]\n<ol>\n<li style=\"font-weight: 400;\" aria-level=\"1\"><span style=\"font-weight: 400;\">Hawkesbury<\/span><\/li>\n<li style=\"font-weight: 400;\" aria-level=\"1\"><span style=\"font-weight: 400;\">L\u2019Orignal<\/span><\/li>\n<li style=\"font-weight: 400;\" aria-level=\"1\"><span style=\"font-weight: 400;\">Chutes-\u00c0-Blondeau<\/span><\/li>\n<li style=\"font-weight: 400;\" aria-level=\"1\"><span style=\"font-weight: 400;\">Saint-Eug\u00e8ne<\/span><\/li>\n<li style=\"font-weight: 400;\" aria-level=\"1\"><span style=\"font-weight: 400;\">Saint-Isidore<\/span><\/li>\n<li style=\"font-weight: 400;\" aria-level=\"1\"><span style=\"font-weight: 400;\">Alfred<\/span><\/li>\n<li style=\"font-weight: 400;\" aria-level=\"1\"><span style=\"font-weight: 400;\">Plantagenet\u00a0<\/span><\/li>\n<li style=\"font-weight: 400;\" aria-level=\"1\"><span style=\"font-weight: 400;\">Vankleek Hill<\/span><\/li>\n<li style=\"font-weight: 400;\" aria-level=\"1\"><span style=\"font-weight: 400;\">Curran<\/span><\/li>\n<li style=\"font-weight: 400;\" aria-level=\"1\"><span style=\"font-weight: 400;\">Fournier<\/span><\/li>\n<li style=\"font-weight: 400;\" aria-level=\"1\"><span style=\"font-weight: 400;\">Alexandria<\/span><\/li>\n<li style=\"font-weight: 400;\" aria-level=\"1\"><span style=\"font-weight: 400;\">Clarence-Rockland<\/span><\/li>\n<\/ol>\n[\/vc_column_text][\/vc_tta_section][\/vc_tta_accordion][\/vc_column][vc_column css_animation=&#8221;fadeInRight&#8221; width=&#8221;1\/2&#8243; css=&#8221;.vc_custom_1708976912001{margin-bottom: 40px !important;padding-right: 80px !important;padding-bottom: 20px !important;padding-left: 80px !important;background-color: #3c3c3e !important;}&#8221;]\n<div class=\"wpcf7 no-js\" id=\"wpcf7-f1138-o1\" lang=\"en-CA\" dir=\"ltr\" data-wpcf7-id=\"1138\">\n<div class=\"screen-reader-response\"><p role=\"status\" aria-live=\"polite\" aria-atomic=\"true\"><\/p> <ul><\/ul><\/div>\n<form action=\"\/index.php\/wp-json\/wp\/v2\/pages\/1129#wpcf7-f1138-o1\" method=\"post\" class=\"wpcf7-form init\" aria-label=\"Contact form\" novalidate=\"novalidate\" data-status=\"init\">\n<fieldset class=\"hidden-fields-container\"><input type=\"hidden\" name=\"_wpcf7\" value=\"1138\" \/><input type=\"hidden\" name=\"_wpcf7_version\" value=\"6.1.5\" \/><input type=\"hidden\" name=\"_wpcf7_locale\" value=\"en_CA\" \/><input type=\"hidden\" name=\"_wpcf7_unit_tag\" value=\"wpcf7-f1138-o1\" \/><input type=\"hidden\" name=\"_wpcf7_container_post\" value=\"0\" \/><input type=\"hidden\" name=\"_wpcf7_posted_data_hash\" value=\"\" \/><input type=\"hidden\" name=\"_wpcf7_recaptcha_response\" value=\"\" \/>\n<\/fieldset>\n<div class=\"contact-form\">\n\t<p><label> Nom Complet *<br \/>\n<span class=\"wpcf7-form-control-wrap\" data-name=\"your-name\"><input size=\"40\" maxlength=\"400\" class=\"wpcf7-form-control wpcf7-text wpcf7-validates-as-required\" autocomplete=\"name\" aria-required=\"true\" aria-invalid=\"false\" value=\"\" type=\"text\" name=\"your-name\" \/><\/span> <\/label>\n\t<\/p>\n\t<p><label> Email *<br \/>\n<span class=\"wpcf7-form-control-wrap\" data-name=\"your-email\"><input size=\"40\" maxlength=\"400\" class=\"wpcf7-form-control wpcf7-email wpcf7-validates-as-required wpcf7-text wpcf7-validates-as-email\" autocomplete=\"email\" aria-required=\"true\" aria-invalid=\"false\" value=\"\" type=\"email\" name=\"your-email\" \/><\/span> <\/label>\n\t<\/p>\n\t<p><label> T\u00e9l\u00e9phone<br \/>\n<span class=\"wpcf7-form-control-wrap\" data-name=\"tel-133\"><input size=\"40\" maxlength=\"400\" class=\"wpcf7-form-control wpcf7-tel wpcf7-text wpcf7-validates-as-tel\" aria-invalid=\"false\" value=\"\" type=\"tel\" name=\"tel-133\" \/><\/span> <\/label>\n\t<\/p>\n\t<p><label> Sujet<br \/>\n<span class=\"wpcf7-form-control-wrap\" data-name=\"your-subject\"><input size=\"40\" maxlength=\"400\" class=\"wpcf7-form-control wpcf7-text wpcf7-validates-as-required\" aria-required=\"true\" aria-invalid=\"false\" value=\"\" type=\"text\" name=\"your-subject\" \/><\/span> <\/label>\n\t<\/p>\n\t<p><label> Votre Message<br \/>\n<span class=\"wpcf7-form-control-wrap\" data-name=\"your-message\"><textarea cols=\"40\" rows=\"10\" maxlength=\"2000\" class=\"wpcf7-form-control wpcf7-textarea\" aria-invalid=\"false\" name=\"your-message\"><\/textarea><\/span> <\/label>\n\t<\/p>\n\t<p><button id=\"sub-btn\" class=\"wpcf7-form-control wpcf7-submit has-spinner\" type=\"submit\" onclick=\"return gtag_report_conversion('https:\/\/bd-construction.ca\/index.php\/contact\/')\">Envoyer<\/button>\n\t<\/p>\n\t<p class=\"privacy-policy-text-contact\">* Vous acceptez les termes de la politique de confidentialit\u00e9\n\t<\/p>\n<\/div><p style=\"display: none !important;\" class=\"akismet-fields-container\" data-prefix=\"_wpcf7_ak_\"><label>&#916;<textarea name=\"_wpcf7_ak_hp_textarea\" cols=\"45\" rows=\"8\" maxlength=\"100\"><\/textarea><\/label><input type=\"hidden\" id=\"ak_js_1\" name=\"_wpcf7_ak_js\" value=\"7\"\/><script>document.getElementById( \"ak_js_1\" ).setAttribute( \"value\", ( new Date() ).getTime() );<\/script><\/p><div class=\"wpcf7-response-output\" aria-hidden=\"true\"><\/div>\n<\/form>\n<\/div>\n[\/vc_column][\/vc_row]\n<\/div>","protected":false},"excerpt":{"rendered":"<p>[vc_row full_width=&#8221;stretch_row&#8221;][vc_column][wgl_spacing spacer_size=&#8221;75&#8243;][vc_column_text] CONTACT [\/vc_column_text][wgl_spacing spacer_size=&#8221;50&#8243;][\/vc_column][\/vc_row][vc_row full_width=&#8221;stretch_row&#8221; gap=&#8221;35&#8243; css=&#8221;.vc_custom_1706026145303{margin-bottom: 75px !important;}&#8221;][vc_column css_animation=&#8221;fadeInLeft&#8221; width=&#8221;1\/2&#8243;][vc_column_text]Pr\u00eat \u00e0 donner vie \u00e0 votre vision? Nous sommes \u00e0 votre disposition! Que vous planifiez une r\u00e9novation, une nouvelle construction ou que vous ayez des questions, notre \u00e9quipe est l\u00e0 pour vous aider. Prenez contact avec nous d\u00e8s aujourd&#8217;hui et commen\u00e7ons \u00e0 construire [&hellip;]<\/p>\n","protected":false},"author":1,"featured_media":0,"parent":0,"menu_order":0,"comment_status":"closed","ping_status":"closed","template":"","meta":{"footnotes":""},"class_list":["post-1129","page","type-page","status-publish","hentry"],"yoast_head":"<!-- This site is optimized with the Yoast SEO plugin v27.4 - https:\/\/yoast.com\/product\/yoast-seo-wordpress\/ -->\n<title>Contact | B.D Construction<\/title>\n<meta name=\"description\" content=\"Votre partenaire de confiance pour les services de construction et de r\u00e9novation! Nous prenons en charge votre projet du d\u00e9but jusqu\u2019\u00e0 la fin\" \/>\n<meta name=\"robots\" content=\"index, follow, max-snippet:-1, max-image-preview:large, max-video-preview:-1\" \/>\n<link rel=\"canonical\" href=\"https:\/\/bd-construction.ca\/index.php\/contact\/\" \/>\n<meta property=\"og:locale\" content=\"en_US\" \/>\n<meta property=\"og:type\" content=\"article\" \/>\n<meta property=\"og:title\" content=\"Contact | B.D Construction\" \/>\n<meta property=\"og:description\" content=\"Votre partenaire de confiance pour les services de construction et de r\u00e9novation! Nous prenons en charge votre projet du d\u00e9but jusqu\u2019\u00e0 la fin\" \/>\n<meta property=\"og:url\" content=\"https:\/\/bd-construction.ca\/index.php\/contact\/\" \/>\n<meta property=\"og:site_name\" content=\"BD-Construction\" \/>\n<meta property=\"article:publisher\" content=\"https:\/\/www.facebook.com\/bendicaireconstruction\" \/>\n<meta property=\"article:modified_time\" content=\"2024-03-01T14:48:40+00:00\" \/>\n<meta property=\"og:image\" content=\"https:\/\/bd-construction.ca\/wp-content\/uploads\/2024\/01\/logo.png\" \/>\n\t<meta property=\"og:image:width\" content=\"2718\" \/>\n\t<meta property=\"og:image:height\" content=\"891\" \/>\n\t<meta property=\"og:image:type\" content=\"image\/png\" \/>\n<meta name=\"twitter:card\" content=\"summary_large_image\" \/>\n<meta name=\"twitter:label1\" content=\"Est. reading time\" \/>\n\t<meta name=\"twitter:data1\" content=\"1 minute\" \/>\n<script type=\"application\/ld+json\" class=\"yoast-schema-graph\">{\"@context\":\"https:\\\/\\\/schema.org\",\"@graph\":[{\"@type\":\"WebPage\",\"@id\":\"https:\\\/\\\/bd-construction.ca\\\/index.php\\\/contact\\\/\",\"url\":\"https:\\\/\\\/bd-construction.ca\\\/index.php\\\/contact\\\/\",\"name\":\"Contact | B.D Construction\",\"isPartOf\":{\"@id\":\"https:\\\/\\\/bd-construction.ca\\\/#website\"},\"datePublished\":\"2024-01-10T20:28:07+00:00\",\"dateModified\":\"2024-03-01T14:48:40+00:00\",\"description\":\"Votre partenaire de confiance pour les services de construction et de r\u00e9novation! Nous prenons en charge votre projet du d\u00e9but jusqu\u2019\u00e0 la fin\",\"breadcrumb\":{\"@id\":\"https:\\\/\\\/bd-construction.ca\\\/index.php\\\/contact\\\/#breadcrumb\"},\"inLanguage\":\"en-CA\",\"potentialAction\":[{\"@type\":\"ReadAction\",\"target\":[\"https:\\\/\\\/bd-construction.ca\\\/index.php\\\/contact\\\/\"]}]},{\"@type\":\"BreadcrumbList\",\"@id\":\"https:\\\/\\\/bd-construction.ca\\\/index.php\\\/contact\\\/#breadcrumb\",\"itemListElement\":[{\"@type\":\"ListItem\",\"position\":1,\"name\":\"Home\",\"item\":\"https:\\\/\\\/bd-construction.ca\\\/\"},{\"@type\":\"ListItem\",\"position\":2,\"name\":\"Contact\"}]},{\"@type\":\"WebSite\",\"@id\":\"https:\\\/\\\/bd-construction.ca\\\/#website\",\"url\":\"https:\\\/\\\/bd-construction.ca\\\/\",\"name\":\"B.D Construction\",\"description\":\"\",\"publisher\":{\"@id\":\"https:\\\/\\\/bd-construction.ca\\\/#organization\"},\"potentialAction\":[{\"@type\":\"SearchAction\",\"target\":{\"@type\":\"EntryPoint\",\"urlTemplate\":\"https:\\\/\\\/bd-construction.ca\\\/?s={search_term_string}\"},\"query-input\":{\"@type\":\"PropertyValueSpecification\",\"valueRequired\":true,\"valueName\":\"search_term_string\"}}],\"inLanguage\":\"en-CA\"},{\"@type\":\"Organization\",\"@id\":\"https:\\\/\\\/bd-construction.ca\\\/#organization\",\"name\":\"B.D Construction\",\"url\":\"https:\\\/\\\/bd-construction.ca\\\/\",\"logo\":{\"@type\":\"ImageObject\",\"inLanguage\":\"en-CA\",\"@id\":\"https:\\\/\\\/bd-construction.ca\\\/#\\\/schema\\\/logo\\\/image\\\/\",\"url\":\"https:\\\/\\\/bd-construction.ca\\\/wp-content\\\/uploads\\\/2024\\\/01\\\/logo.png\",\"contentUrl\":\"https:\\\/\\\/bd-construction.ca\\\/wp-content\\\/uploads\\\/2024\\\/01\\\/logo.png\",\"width\":2718,\"height\":891,\"caption\":\"B.D Construction\"},\"image\":{\"@id\":\"https:\\\/\\\/bd-construction.ca\\\/#\\\/schema\\\/logo\\\/image\\\/\"},\"sameAs\":[\"https:\\\/\\\/www.facebook.com\\\/bendicaireconstruction\",\"https:\\\/\\\/www.instagram.com\\\/b.dconstruction\\\/\"]}]}<\/script>\n<!-- \/ Yoast SEO plugin. -->","yoast_head_json":{"title":"Contact | B.D Construction","description":"Votre partenaire de confiance pour les services de construction et de r\u00e9novation! Nous prenons en charge votre projet du d\u00e9but jusqu\u2019\u00e0 la fin","robots":{"index":"index","follow":"follow","max-snippet":"max-snippet:-1","max-image-preview":"max-image-preview:large","max-video-preview":"max-video-preview:-1"},"canonical":"https:\/\/bd-construction.ca\/index.php\/contact\/","og_locale":"en_US","og_type":"article","og_title":"Contact | B.D Construction","og_description":"Votre partenaire de confiance pour les services de construction et de r\u00e9novation! Nous prenons en charge votre projet du d\u00e9but jusqu\u2019\u00e0 la fin","og_url":"https:\/\/bd-construction.ca\/index.php\/contact\/","og_site_name":"BD-Construction","article_publisher":"https:\/\/www.facebook.com\/bendicaireconstruction","article_modified_time":"2024-03-01T14:48:40+00:00","og_image":[{"width":2718,"height":891,"url":"https:\/\/bd-construction.ca\/wp-content\/uploads\/2024\/01\/logo.png","type":"image\/png"}],"twitter_card":"summary_large_image","twitter_misc":{"Est. reading time":"1 minute"},"schema":{"@context":"https:\/\/schema.org","@graph":[{"@type":"WebPage","@id":"https:\/\/bd-construction.ca\/index.php\/contact\/","url":"https:\/\/bd-construction.ca\/index.php\/contact\/","name":"Contact | B.D Construction","isPartOf":{"@id":"https:\/\/bd-construction.ca\/#website"},"datePublished":"2024-01-10T20:28:07+00:00","dateModified":"2024-03-01T14:48:40+00:00","description":"Votre partenaire de confiance pour les services de construction et de r\u00e9novation! Nous prenons en charge votre projet du d\u00e9but jusqu\u2019\u00e0 la fin","breadcrumb":{"@id":"https:\/\/bd-construction.ca\/index.php\/contact\/#breadcrumb"},"inLanguage":"en-CA","potentialAction":[{"@type":"ReadAction","target":["https:\/\/bd-construction.ca\/index.php\/contact\/"]}]},{"@type":"BreadcrumbList","@id":"https:\/\/bd-construction.ca\/index.php\/contact\/#breadcrumb","itemListElement":[{"@type":"ListItem","position":1,"name":"Home","item":"https:\/\/bd-construction.ca\/"},{"@type":"ListItem","position":2,"name":"Contact"}]},{"@type":"WebSite","@id":"https:\/\/bd-construction.ca\/#website","url":"https:\/\/bd-construction.ca\/","name":"B.D Construction","description":"","publisher":{"@id":"https:\/\/bd-construction.ca\/#organization"},"potentialAction":[{"@type":"SearchAction","target":{"@type":"EntryPoint","urlTemplate":"https:\/\/bd-construction.ca\/?s={search_term_string}"},"query-input":{"@type":"PropertyValueSpecification","valueRequired":true,"valueName":"search_term_string"}}],"inLanguage":"en-CA"},{"@type":"Organization","@id":"https:\/\/bd-construction.ca\/#organization","name":"B.D Construction","url":"https:\/\/bd-construction.ca\/","logo":{"@type":"ImageObject","inLanguage":"en-CA","@id":"https:\/\/bd-construction.ca\/#\/schema\/logo\/image\/","url":"https:\/\/bd-construction.ca\/wp-content\/uploads\/2024\/01\/logo.png","contentUrl":"https:\/\/bd-construction.ca\/wp-content\/uploads\/2024\/01\/logo.png","width":2718,"height":891,"caption":"B.D Construction"},"image":{"@id":"https:\/\/bd-construction.ca\/#\/schema\/logo\/image\/"},"sameAs":["https:\/\/www.facebook.com\/bendicaireconstruction","https:\/\/www.instagram.com\/b.dconstruction\/"]}]}},"_links":{"self":[{"href":"https:\/\/bd-construction.ca\/index.php\/wp-json\/wp\/v2\/pages\/1129","targetHints":{"allow":["GET"]}}],"collection":[{"href":"https:\/\/bd-construction.ca\/index.php\/wp-json\/wp\/v2\/pages"}],"about":[{"href":"https:\/\/bd-construction.ca\/index.php\/wp-json\/wp\/v2\/types\/page"}],"author":[{"embeddable":true,"href":"https:\/\/bd-construction.ca\/index.php\/wp-json\/wp\/v2\/users\/1"}],"replies":[{"embeddable":true,"href":"https:\/\/bd-construction.ca\/index.php\/wp-json\/wp\/v2\/comments?post=1129"}],"version-history":[{"count":5,"href":"https:\/\/bd-construction.ca\/index.php\/wp-json\/wp\/v2\/pages\/1129\/revisions"}],"predecessor-version":[{"id":2633,"href":"https:\/\/bd-construction.ca\/index.php\/wp-json\/wp\/v2\/pages\/1129\/revisions\/2633"}],"wp:attachment":[{"href":"https:\/\/bd-construction.ca\/index.php\/wp-json\/wp\/v2\/media?parent=1129"}],"curies":[{"name":"wp","href":"https:\/\/api.w.org\/{rel}","templated":true}]}}