{"id":3,"date":"2024-01-09T16:40:12","date_gmt":"2024-01-09T21:40:12","guid":{"rendered":"https:\/\/bd-construction.ca\/?page_id=3"},"modified":"2024-02-28T14:54:13","modified_gmt":"2024-02-28T19:54:13","slug":"politique-de-confidentialite","status":"publish","type":"page","link":"https:\/\/bd-construction.ca\/index.php\/politique-de-confidentialite\/","title":{"rendered":"Politique de Confidentialit\u00e9"},"content":{"rendered":"<div class=\"wpb-content-wrapper\">[vc_row][vc_column offset=&#8221;vc_hidden-xs&#8221;][wgl_spacing spacer_size=&#8221;75&#8243;][vc_column_text]\n<h1 style=\"text-align: center;\"><span>POLITIQUE DE CONFIDENTIALIT\u00c9<\/span><\/h1>\n[\/vc_column_text][wgl_spacing spacer_size=&#8221;50&#8243;][\/vc_column][\/vc_row][vc_row][vc_column offset=&#8221;vc_hidden-lg vc_hidden-md vc_hidden-sm&#8221;][wgl_spacing spacer_size=&#8221;75&#8243;][vc_column_text]\n<h2 style=\"text-align: center;\"><span>POLITIQUE DE CONFIDENTIALIT\u00c9<\/span><\/h2>\n[\/vc_column_text][wgl_spacing spacer_size=&#8221;50&#8243;][\/vc_column][\/vc_row][vc_row css=&#8221;.vc_custom_1706712252817{margin-bottom: 75px !important;}&#8221;][vc_column][vc_column_text]\n<p style=\"text-align: center;\">Type de Site Web: Services<br \/>\nDate d&#8217;entr\u00e9e en vigueur : 1er f\u00e9vrier 2024<\/p>\n<p>Le site Web \u00ab https:\/\/bd-construction.ca\/ \u00bb est d\u00e9tenu et op\u00e9r\u00e9 par Benjamin Dicaire. Benjamin Dicaire est le responsable du traitement des donn\u00e9es et peut \u00eatre contact\u00e9 \u00e0 :<\/p>\n<p>benjamindicaire@gmail.com<br \/>\n(514) 979-2363<br \/>\n16 Charlebois, Alfred, Ontario, K0B 1A0<\/p>\n<p>&nbsp;<\/p>\n<h3><strong><u>But<\/u><\/strong><\/h3>\n<p>Le but de cette politique de confidentialit\u00e9 (cette \u00ab\u00a0Politique de confidentialit\u00e9\u00a0\u00bb) est d&#8217;informer les utilisateurs de notre Site des \u00e9l\u00e9ments suivants\u00a0:<\/p>\n<ol>\n<li>Les donn\u00e9es personnelles que nous collecterons\u00a0;<\/li>\n<li>Utilisation des donn\u00e9es collect\u00e9es\u00a0;<\/li>\n<li>Qui a acc\u00e8s aux donn\u00e9es collect\u00e9es\u00a0?<\/li>\n<li>Les droits des utilisateurs du Site ; et<\/li>\n<li>La politique en mati\u00e8re de cookies du Site.<\/li>\n<\/ol>\n<p>&nbsp;<\/p>\n<h3><strong><u>RGPD<\/u><\/strong><\/h3>\n<p>Pour les utilisateurs de l\u2019Union europ\u00e9enne, nous adh\u00e9rons au R\u00e8glement (UE) 2016\/679 du Parlement europ\u00e9en et du Conseil du 27 avril 2016, connu sous \u00ab R\u00e8glement G\u00e9n\u00e9ral sur la Protection des Donn\u00e9es \u00bb (le \u00ab RGPD \u00bb). Pour les utilisateurs au Royaume-Uni, nous adh\u00e9rons au RGPD tel que consacr\u00e9 dans la loi sur la protection des donn\u00e9es de 2018.<\/p>\n<p>Nous n&#8217;avons pas nomm\u00e9 de d\u00e9l\u00e9gu\u00e9 \u00e0 la protection des donn\u00e9es car nous n&#8217;appartenons pas aux cat\u00e9gories de responsables du traitement et de sous-traitants tenus de nommer un d\u00e9l\u00e9gu\u00e9 \u00e0 la protection des donn\u00e9es en vertu de l&#8217;article 37 du RGPD.<\/p>\n<p>&nbsp;<\/p>\n<h3><span style=\"text-decoration: underline;\">Consentement<\/span><\/h3>\n<p>En utilisant notre site, les utilisateurs acceptent de\u00a0:<\/p>\n<ol>\n<li>Les conditions \u00e9nonc\u00e9es dans la politique de confidentialit\u00e9.<\/li>\n<\/ol>\n<p>Lorsque la base juridique du traitement de vos donn\u00e9es personnelles est que vous avez donn\u00e9 votre consentement \u00e0 ce traitement, vous pouvez retirer votre consentement \u00e0 tout moment. Si vous retirez votre consentement, le traitement que nous avons effectu\u00e9 avant que vous ne retiriez votre consentement ne sera pas ill\u00e9gal.<\/p>\n<p>Vous pouvez retirer votre consentement en\u00a0:\u00a0Envoyez-nous un e-mail.<\/p>\n<p>&nbsp;<\/p>\n<h3><strong><u>Base Juridique Du Traitement<\/u><\/strong><\/h3>\n<p>Nous collectons et traitons les donn\u00e9es personnelles des utilisateurs dans l&#8217;UE uniquement lorsque nous disposons d&#8217;une base l\u00e9gale pour le faire en vertu de l&#8217;article 6 du RGPD.<\/p>\n<p>Nous nous appuyons sur les bases juridiques suivantes pour collecter et traiter les donn\u00e9es personnelles des utilisateurs dans l&#8217;UE\u00a0:<\/p>\n<ol>\n<li>Les utilisateurs ont donn\u00e9 leur consentement au traitement de leurs donn\u00e9es pour une ou plusieurs finalit\u00e9s sp\u00e9cifiques ; et<\/li>\n<li>Le traitement des donn\u00e9es personnelles des utilisateurs est n\u00e9cessaire pour que nous puissions entreprendre, \u00e0 la demande d&#8217;un utilisateur, des d\u00e9marches pr\u00e9alables \u00e0 la conclusion d&#8217;un contrat ou \u00e0 l&#8217;ex\u00e9cution d&#8217;un contrat auquel un utilisateur est partie.<\/li>\n<\/ol>\n<p>&nbsp;<\/p>\n<h3><span style=\"text-decoration: underline;\">Donn\u00e9es Personnelles Que Nous Collectons<\/span><\/h3>\n<p>Nous collectons uniquement les donn\u00e9es qui nous aident \u00e0 atteindre l&#8217;objectif \u00e9nonc\u00e9 dans la pr\u00e9sente politique de confidentialit\u00e9. Nous ne collecterons aucune donn\u00e9e suppl\u00e9mentaire au-del\u00e0 des donn\u00e9es r\u00e9pertori\u00e9es ci-dessous sans vous en informer au pr\u00e9alable.<\/p>\n<p><u>Donn\u00e9es Collect\u00e9es Automatiquement<\/u><br \/>\nLorsque vous visitez et utilisez notre site, nous pouvons automatiquement collecter et stocker les informations suivantes\u00a0:<\/p>\n<ol>\n<li>Adresse IP;<\/li>\n<li>Location;<\/li>\n<li>D\u00e9tails du mat\u00e9riel et des logiciels;<\/li>\n<li>Liens cliqu\u00e9s\u00a0; et<\/li>\n<li>Contenu consult\u00e9.<\/li>\n<\/ol>\n<p><u>Donn\u00e9es Collect\u00e9es de Mani\u00e8re non-Automatique<\/u><br \/>\nNous pouvons \u00e9galement collecter les donn\u00e9es suivantes lorsque vous effectuez certaines fonctions sur notre Site :<\/p>\n<ol>\n<li>Nom et pr\u00e9nom\u00a0;<\/li>\n<li>Adresse e-mail;<\/li>\n<li>Num\u00e9ro de t\u00e9l\u00e9phone;<\/li>\n<li>Sujet; et<\/li>\n<li>Message.<\/li>\n<\/ol>\n<p>Ces donn\u00e9es peuvent \u00eatre collect\u00e9es selon les m\u00e9thodes suivantes :<\/p>\n<ol>\n<li>Formulaire de contact.<\/li>\n<\/ol>\n<p>&nbsp;<\/p>\n<h3><strong><u>Comment Nous Utilisons Les Donn\u00e9es Personnelles<\/u><\/strong><\/h3>\n<p>Les donn\u00e9es collect\u00e9es sur notre Site ne seront utilis\u00e9es qu&#8217;aux fins sp\u00e9cifi\u00e9es dans la pr\u00e9sente Politique de Confidentialit\u00e9 ou indiqu\u00e9es sur les pages pertinentes de notre Site. Nous n&#8217;utiliserons pas vos donn\u00e9es au-del\u00e0 de ce que nous divulguons dans la pr\u00e9sente politique de confidentialit\u00e9.<\/p>\n<p>Les donn\u00e9es que nous collectons automatiquement sont utilis\u00e9es aux fins suivantes :<\/p>\n<ol>\n<li>Analyse de Donn\u00e9es; et<\/li>\n<li>Am\u00e9liorer le Site Web.<\/li>\n<\/ol>\n<p>Les donn\u00e9es que nous collectons lorsque l&#8217;utilisateur ex\u00e9cute certaines fonctions peuvent \u00eatre utilis\u00e9es aux fins suivantes :<\/p>\n<ol>\n<li>Communication.<\/li>\n<\/ol>\n<p>&nbsp;<\/p>\n<h3><span style=\"text-decoration: underline;\">Avec Qui Partageons-Nous Des Donn\u00e9es Personnelles<\/span><\/h3>\n<p><u>Employ\u00e9s<\/u><br \/>\nNous pouvons divulguer les donn\u00e9es des utilisateurs \u00e0 certain membre de notre organisation qui a raisonnablement besoin d&#8217;acc\u00e9der aux donn\u00e9es des utilisateurs pour atteindre les objectifs \u00e9nonc\u00e9s dans la pr\u00e9sente politique de confidentialit\u00e9.<\/p>\n<p><u>Autres Divulgations<\/u><br \/>\nNous ne vendrons ni ne partagerons vos donn\u00e9es avec d\u2019autres tiers, sauf dans les cas suivants :<\/p>\n<ol>\n<li>Si la loi l&#8217;exige ;<\/li>\n<li>Si cela est requis pour toute proc\u00e9dure judiciaire\u00a0;<\/li>\n<li>Pour prouver ou prot\u00e9ger nos droits l\u00e9gaux\u00a0; et<\/li>\n<li>Aux acheteurs ou acheteurs potentiels de cette soci\u00e9t\u00e9 dans le cas o\u00f9 nous chercherions \u00e0 vendre la soci\u00e9t\u00e9.<\/li>\n<\/ol>\n<p>Si vous suivez des hyperliens de notre site vers un autre site, veuillez noter que nous ne sommes pas responsables et n&#8217;avons aucun contr\u00f4le sur leurs politiques et pratiques de confidentialit\u00e9.<\/p>\n<p>&nbsp;<\/p>\n<h3><strong><u>Combien De Temps Nous Conservons Les Donn\u00e9es Personnelles<\/u><\/strong><\/h3>\n<p>Les donn\u00e9es des utilisateurs seront conserv\u00e9es jusqu&#8217;\u00e0 ce que l&#8217;objectif pour lequel les donn\u00e9es ont \u00e9t\u00e9 collect\u00e9es soit atteint.<\/p>\n<p>Vous serez averti si vos donn\u00e9es sont conserv\u00e9es plus longtemps que cette p\u00e9riode.<\/p>\n<p>&nbsp;<\/p>\n<h3><strong><u>Comment Nous Prot\u00e9geons Vos Donn\u00e9es Personnelles<\/u><\/strong><\/h3>\n<p>Afin de prot\u00e9ger votre s\u00e9curit\u00e9, nous utilisons le cryptage de navigateur le plus puissant disponible et stockons toutes nos donn\u00e9es sur des serveurs.<\/p>\n<p>M\u00eame si nous prenons toutes les pr\u00e9cautions raisonnables pour garantir la s\u00e9curit\u00e9 des donn\u00e9es des utilisateurs et leur protection, il existe toujours un risque de pr\u00e9judice. Internet dans son ensemble peut parfois \u00eatre peu s\u00e9curis\u00e9 et nous ne sommes donc pas en mesure de garantir la s\u00e9curit\u00e9 des donn\u00e9es des utilisateurs au-del\u00e0 de ce qui est raisonnablement pratique.<\/p>\n<p>&nbsp;<\/p>\n<h3><strong><u>Vos Droits En Tant Qu&#8217;Utilisateur<\/u><\/strong><\/h3>\n<p>Conform\u00e9ment au RGPD, vous disposez des droits suivants :<\/p>\n<ol>\n<li>Droit d\u2019\u00eatre inform\u00e9;<\/li>\n<li>Droit d&#8217;acc\u00e8s;<\/li>\n<li>Droit de rectification;<\/li>\n<li>Droit \u00e0 l&#8217;effacement;<\/li>\n<li>Droit de restreindre le traitement\u00a0;<\/li>\n<li>Droit \u00e0 la portabilit\u00e9 des donn\u00e9es\u00a0; et<\/li>\n<li>Droit d&#8217;opposition.<\/li>\n<\/ol>\n<p>&nbsp;<\/p>\n<h3><span style=\"text-decoration: underline;\">Comment Acc\u00e9der, Modifier, Supprimer Ou Contester Les Donn\u00e9es Collect\u00e9es<\/span><\/h3>\n<p>Si vous souhaitez savoir si nous avons collect\u00e9 vos donn\u00e9es personnelles, comment nous avons utilis\u00e9 vos donn\u00e9es personnelles, si nous avons divulgu\u00e9 vos donn\u00e9es personnelles et \u00e0 qui nous les avons divulgu\u00e9es, si vous souhaitez que vos donn\u00e9es soient supprim\u00e9es ou modifi\u00e9es dans de quelque mani\u00e8re que ce soit, ou si vous souhaitez exercer l&#8217;un de vos autres droits en vertu du RGPD, veuillez contacter notre responsable de la confidentialit\u00e9 ici\u00a0:<\/p>\n<p>Benjamin Dicaire<br \/>\nbenjamindicaire@gmail.com<br \/>\n(514) 979-2363<br \/>\n16 Charlebois, Alfred, Ontario, K0B 1A0<\/p>\n<p>&nbsp;<\/p>\n<h3><strong><u>Politique En Mati\u00e8re De Cookies<\/u><\/strong><\/h3>\n<p>Un cookie est un petit fichier stock\u00e9 sur le disque dur d\u2019un utilisateur par un site Web. Sa finalit\u00e9 est de collecter des donn\u00e9es relatives aux habitudes de navigation de l\u2019utilisateur. Vous pouvez choisir d&#8217;\u00eatre averti \u00e0 chaque fois qu&#8217;un cookie est transmis. Vous pouvez \u00e9galement choisir de d\u00e9sactiver enti\u00e8rement les cookies dans votre navigateur Internet, mais cela peut diminuer la qualit\u00e9 de votre exp\u00e9rience utilisateur.<\/p>\n<p>Nous utilisons les types de cookies suivants sur notre Site :<\/p>\n<ol>\n<li><u>Cookies fonctionnels<\/u><br \/>\nLes cookies fonctionnels sont utilis\u00e9s pour m\u00e9moriser les s\u00e9lections que vous effectuez sur notre Site afin que vos s\u00e9lections soient enregistr\u00e9es pour vos prochaines visites;<\/li>\n<li><u>Cookies Analytiques<\/u><br \/>\nLes cookies analytiques nous permettent d&#8217;am\u00e9liorer la conception et les fonctionnalit\u00e9s de notre Site en collectant des donn\u00e9es sur la mani\u00e8re dont vous acc\u00e9dez \u00e0 notre Site, par exemple des donn\u00e9es sur le contenu auquel vous acc\u00e9dez, la dur\u00e9e de votre s\u00e9jour sur notre Site, etc;<\/li>\n<\/ol>\n<p>&nbsp;<\/p>\n<h3><strong><u>Modifications<\/u><\/strong><\/h3>\n<p>Cette politique de confidentialit\u00e9 peut \u00eatre modifi\u00e9e de temps \u00e0 autre afin de maintenir le respect de la loi et de refl\u00e9ter toute modification apport\u00e9e \u00e0 notre processus de collecte de donn\u00e9es. Lorsque nous modifierons cette politique de confidentialit\u00e9, nous mettrons \u00e0 jour la \u00ab\u00a0Date d&#8217;entr\u00e9e en vigueur\u00a0\u00bb en haut de cette politique de confidentialit\u00e9. Nous recommandons \u00e0 nos utilisateurs de consulter p\u00e9riodiquement notre politique de confidentialit\u00e9 pour garantir qu&#8217;ils sont inform\u00e9s de toute mise \u00e0 jour. Si n\u00e9cessaire, nous pouvons informer les utilisateurs par e-mail des modifications apport\u00e9es \u00e0 cette politique de confidentialit\u00e9.<\/p>\n<p>&nbsp;<\/p>\n<h3><span style=\"text-decoration: underline;\">Plaintes<\/span><\/h3>\n<p>Si vous avez des plaintes concernant la fa\u00e7on dont nous traitons vos donn\u00e9es personnelles, veuillez nous contacter via les m\u00e9thodes de contact r\u00e9pertori\u00e9es dans la section\u00a0Coordonn\u00e9es\u00a0afin que nous puissions, dans la mesure du possible, r\u00e9soudre le probl\u00e8me. Si vous estimez que nous n&#8217;avons pas r\u00e9pondu \u00e0 votre pr\u00e9occupation de mani\u00e8re satisfaisante, vous pouvez contacter une autorit\u00e9 de contr\u00f4le. Vous avez \u00e9galement le droit de d\u00e9poser directement une plainte aupr\u00e8s d&#8217;une autorit\u00e9 de contr\u00f4le.<\/p>\n<p>&nbsp;<\/p>\n<h3><strong><u>Coordonn\u00e9es<\/u><\/strong><\/h3>\n<p>Si vous avez des questions, des pr\u00e9occupations ou des plaintes, vous pouvez contacter notre responsable de la protection de la vie priv\u00e9e, Benjamin Dicaire, \u00e0:<\/p>\n<p>benjamindicaire@gmail.com<br \/>\n(514) 979-2363<br \/>\n16 Charlebois, Alfred, Ontario, K0B 1A0[\/vc_column_text][\/vc_column][\/vc_row]\n<\/div>","protected":false},"excerpt":{"rendered":"<p>[vc_row][vc_column offset=&#8221;vc_hidden-xs&#8221;][wgl_spacing spacer_size=&#8221;75&#8243;][vc_column_text] POLITIQUE DE CONFIDENTIALIT\u00c9 [\/vc_column_text][wgl_spacing spacer_size=&#8221;50&#8243;][\/vc_column][\/vc_row][vc_row][vc_column offset=&#8221;vc_hidden-lg vc_hidden-md vc_hidden-sm&#8221;][wgl_spacing spacer_size=&#8221;75&#8243;][vc_column_text] POLITIQUE DE CONFIDENTIALIT\u00c9 [\/vc_column_text][wgl_spacing spacer_size=&#8221;50&#8243;][\/vc_column][\/vc_row][vc_row css=&#8221;.vc_custom_1706712252817{margin-bottom: 75px !important;}&#8221;][vc_column][vc_column_text] Type de Site Web: Services Date d&#8217;entr\u00e9e en vigueur : 1er f\u00e9vrier 2024 Le site Web \u00ab https:\/\/bd-construction.ca\/ \u00bb est d\u00e9tenu et op\u00e9r\u00e9 par Benjamin Dicaire. Benjamin Dicaire est le responsable du traitement des donn\u00e9es [&hellip;]<\/p>\n","protected":false},"author":1,"featured_media":0,"parent":0,"menu_order":0,"comment_status":"closed","ping_status":"closed","template":"","meta":{"footnotes":""},"class_list":["post-3","page","type-page","status-publish","hentry"],"yoast_head":"<!-- This site is optimized with the Yoast SEO plugin v27.4 - https:\/\/yoast.com\/product\/yoast-seo-wordpress\/ -->\n<title>Politique de Confidentialit\u00e9 | B.D Construction<\/title>\n<meta name=\"description\" content=\"Votre partenaire de confiance pour les services de construction et de r\u00e9novation! Nous prenons en charge votre projet du d\u00e9but jusqu\u2019\u00e0 la fin\" \/>\n<meta name=\"robots\" content=\"index, follow, max-snippet:-1, max-image-preview:large, max-video-preview:-1\" \/>\n<link rel=\"canonical\" href=\"https:\/\/bd-construction.ca\/index.php\/politique-de-confidentialite\/\" \/>\n<meta property=\"og:locale\" content=\"en_US\" \/>\n<meta property=\"og:type\" content=\"article\" \/>\n<meta property=\"og:title\" content=\"Politique de Confidentialit\u00e9 | B.D Construction\" \/>\n<meta property=\"og:description\" content=\"Votre partenaire de confiance pour les services de construction et de r\u00e9novation! Nous prenons en charge votre projet du d\u00e9but jusqu\u2019\u00e0 la fin\" \/>\n<meta property=\"og:url\" content=\"https:\/\/bd-construction.ca\/index.php\/politique-de-confidentialite\/\" \/>\n<meta property=\"og:site_name\" content=\"BD-Construction\" \/>\n<meta property=\"article:publisher\" content=\"https:\/\/www.facebook.com\/bendicaireconstruction\" \/>\n<meta property=\"article:modified_time\" content=\"2024-02-28T19:54:13+00:00\" \/>\n<meta property=\"og:image\" content=\"https:\/\/bd-construction.ca\/wp-content\/uploads\/2024\/01\/logo.png\" \/>\n\t<meta property=\"og:image:width\" content=\"2718\" \/>\n\t<meta property=\"og:image:height\" content=\"891\" \/>\n\t<meta property=\"og:image:type\" content=\"image\/png\" \/>\n<meta name=\"twitter:card\" content=\"summary_large_image\" \/>\n<meta name=\"twitter:label1\" content=\"Est. reading time\" \/>\n\t<meta name=\"twitter:data1\" content=\"6 minutes\" \/>\n<script type=\"application\/ld+json\" class=\"yoast-schema-graph\">{\"@context\":\"https:\\\/\\\/schema.org\",\"@graph\":[{\"@type\":\"WebPage\",\"@id\":\"https:\\\/\\\/bd-construction.ca\\\/index.php\\\/politique-de-confidentialite\\\/\",\"url\":\"https:\\\/\\\/bd-construction.ca\\\/index.php\\\/politique-de-confidentialite\\\/\",\"name\":\"Politique de Confidentialit\u00e9 | B.D Construction\",\"isPartOf\":{\"@id\":\"https:\\\/\\\/bd-construction.ca\\\/#website\"},\"datePublished\":\"2024-01-09T21:40:12+00:00\",\"dateModified\":\"2024-02-28T19:54:13+00:00\",\"description\":\"Votre partenaire de confiance pour les services de construction et de r\u00e9novation! Nous prenons en charge votre projet du d\u00e9but jusqu\u2019\u00e0 la fin\",\"breadcrumb\":{\"@id\":\"https:\\\/\\\/bd-construction.ca\\\/index.php\\\/politique-de-confidentialite\\\/#breadcrumb\"},\"inLanguage\":\"en-CA\",\"potentialAction\":[{\"@type\":\"ReadAction\",\"target\":[\"https:\\\/\\\/bd-construction.ca\\\/index.php\\\/politique-de-confidentialite\\\/\"]}]},{\"@type\":\"BreadcrumbList\",\"@id\":\"https:\\\/\\\/bd-construction.ca\\\/index.php\\\/politique-de-confidentialite\\\/#breadcrumb\",\"itemListElement\":[{\"@type\":\"ListItem\",\"position\":1,\"name\":\"Home\",\"item\":\"https:\\\/\\\/bd-construction.ca\\\/\"},{\"@type\":\"ListItem\",\"position\":2,\"name\":\"Politique de Confidentialit\u00e9\"}]},{\"@type\":\"WebSite\",\"@id\":\"https:\\\/\\\/bd-construction.ca\\\/#website\",\"url\":\"https:\\\/\\\/bd-construction.ca\\\/\",\"name\":\"B.D Construction\",\"description\":\"\",\"publisher\":{\"@id\":\"https:\\\/\\\/bd-construction.ca\\\/#organization\"},\"potentialAction\":[{\"@type\":\"SearchAction\",\"target\":{\"@type\":\"EntryPoint\",\"urlTemplate\":\"https:\\\/\\\/bd-construction.ca\\\/?s={search_term_string}\"},\"query-input\":{\"@type\":\"PropertyValueSpecification\",\"valueRequired\":true,\"valueName\":\"search_term_string\"}}],\"inLanguage\":\"en-CA\"},{\"@type\":\"Organization\",\"@id\":\"https:\\\/\\\/bd-construction.ca\\\/#organization\",\"name\":\"B.D Construction\",\"url\":\"https:\\\/\\\/bd-construction.ca\\\/\",\"logo\":{\"@type\":\"ImageObject\",\"inLanguage\":\"en-CA\",\"@id\":\"https:\\\/\\\/bd-construction.ca\\\/#\\\/schema\\\/logo\\\/image\\\/\",\"url\":\"https:\\\/\\\/bd-construction.ca\\\/wp-content\\\/uploads\\\/2024\\\/01\\\/logo.png\",\"contentUrl\":\"https:\\\/\\\/bd-construction.ca\\\/wp-content\\\/uploads\\\/2024\\\/01\\\/logo.png\",\"width\":2718,\"height\":891,\"caption\":\"B.D Construction\"},\"image\":{\"@id\":\"https:\\\/\\\/bd-construction.ca\\\/#\\\/schema\\\/logo\\\/image\\\/\"},\"sameAs\":[\"https:\\\/\\\/www.facebook.com\\\/bendicaireconstruction\",\"https:\\\/\\\/www.instagram.com\\\/b.dconstruction\\\/\"]}]}<\/script>\n<!-- \/ Yoast SEO plugin. -->","yoast_head_json":{"title":"Politique de Confidentialit\u00e9 | B.D Construction","description":"Votre partenaire de confiance pour les services de construction et de r\u00e9novation! Nous prenons en charge votre projet du d\u00e9but jusqu\u2019\u00e0 la fin","robots":{"index":"index","follow":"follow","max-snippet":"max-snippet:-1","max-image-preview":"max-image-preview:large","max-video-preview":"max-video-preview:-1"},"canonical":"https:\/\/bd-construction.ca\/index.php\/politique-de-confidentialite\/","og_locale":"en_US","og_type":"article","og_title":"Politique de Confidentialit\u00e9 | B.D Construction","og_description":"Votre partenaire de confiance pour les services de construction et de r\u00e9novation! Nous prenons en charge votre projet du d\u00e9but jusqu\u2019\u00e0 la fin","og_url":"https:\/\/bd-construction.ca\/index.php\/politique-de-confidentialite\/","og_site_name":"BD-Construction","article_publisher":"https:\/\/www.facebook.com\/bendicaireconstruction","article_modified_time":"2024-02-28T19:54:13+00:00","og_image":[{"width":2718,"height":891,"url":"https:\/\/bd-construction.ca\/wp-content\/uploads\/2024\/01\/logo.png","type":"image\/png"}],"twitter_card":"summary_large_image","twitter_misc":{"Est. reading time":"6 minutes"},"schema":{"@context":"https:\/\/schema.org","@graph":[{"@type":"WebPage","@id":"https:\/\/bd-construction.ca\/index.php\/politique-de-confidentialite\/","url":"https:\/\/bd-construction.ca\/index.php\/politique-de-confidentialite\/","name":"Politique de Confidentialit\u00e9 | B.D Construction","isPartOf":{"@id":"https:\/\/bd-construction.ca\/#website"},"datePublished":"2024-01-09T21:40:12+00:00","dateModified":"2024-02-28T19:54:13+00:00","description":"Votre partenaire de confiance pour les services de construction et de r\u00e9novation! Nous prenons en charge votre projet du d\u00e9but jusqu\u2019\u00e0 la fin","breadcrumb":{"@id":"https:\/\/bd-construction.ca\/index.php\/politique-de-confidentialite\/#breadcrumb"},"inLanguage":"en-CA","potentialAction":[{"@type":"ReadAction","target":["https:\/\/bd-construction.ca\/index.php\/politique-de-confidentialite\/"]}]},{"@type":"BreadcrumbList","@id":"https:\/\/bd-construction.ca\/index.php\/politique-de-confidentialite\/#breadcrumb","itemListElement":[{"@type":"ListItem","position":1,"name":"Home","item":"https:\/\/bd-construction.ca\/"},{"@type":"ListItem","position":2,"name":"Politique de Confidentialit\u00e9"}]},{"@type":"WebSite","@id":"https:\/\/bd-construction.ca\/#website","url":"https:\/\/bd-construction.ca\/","name":"B.D Construction","description":"","publisher":{"@id":"https:\/\/bd-construction.ca\/#organization"},"potentialAction":[{"@type":"SearchAction","target":{"@type":"EntryPoint","urlTemplate":"https:\/\/bd-construction.ca\/?s={search_term_string}"},"query-input":{"@type":"PropertyValueSpecification","valueRequired":true,"valueName":"search_term_string"}}],"inLanguage":"en-CA"},{"@type":"Organization","@id":"https:\/\/bd-construction.ca\/#organization","name":"B.D Construction","url":"https:\/\/bd-construction.ca\/","logo":{"@type":"ImageObject","inLanguage":"en-CA","@id":"https:\/\/bd-construction.ca\/#\/schema\/logo\/image\/","url":"https:\/\/bd-construction.ca\/wp-content\/uploads\/2024\/01\/logo.png","contentUrl":"https:\/\/bd-construction.ca\/wp-content\/uploads\/2024\/01\/logo.png","width":2718,"height":891,"caption":"B.D Construction"},"image":{"@id":"https:\/\/bd-construction.ca\/#\/schema\/logo\/image\/"},"sameAs":["https:\/\/www.facebook.com\/bendicaireconstruction","https:\/\/www.instagram.com\/b.dconstruction\/"]}]}},"_links":{"self":[{"href":"https:\/\/bd-construction.ca\/index.php\/wp-json\/wp\/v2\/pages\/3","targetHints":{"allow":["GET"]}}],"collection":[{"href":"https:\/\/bd-construction.ca\/index.php\/wp-json\/wp\/v2\/pages"}],"about":[{"href":"https:\/\/bd-construction.ca\/index.php\/wp-json\/wp\/v2\/types\/page"}],"author":[{"embeddable":true,"href":"https:\/\/bd-construction.ca\/index.php\/wp-json\/wp\/v2\/users\/1"}],"replies":[{"embeddable":true,"href":"https:\/\/bd-construction.ca\/index.php\/wp-json\/wp\/v2\/comments?post=3"}],"version-history":[{"count":2,"href":"https:\/\/bd-construction.ca\/index.php\/wp-json\/wp\/v2\/pages\/3\/revisions"}],"predecessor-version":[{"id":2595,"href":"https:\/\/bd-construction.ca\/index.php\/wp-json\/wp\/v2\/pages\/3\/revisions\/2595"}],"wp:attachment":[{"href":"https:\/\/bd-construction.ca\/index.php\/wp-json\/wp\/v2\/media?parent=3"}],"curies":[{"name":"wp","href":"https:\/\/api.w.org\/{rel}","templated":true}]}}